{"id":15,"date":"2025-09-06T23:48:14","date_gmt":"2025-09-06T21:48:14","guid":{"rendered":"https:\/\/bossebande.de\/?page_id=15"},"modified":"2025-11-14T20:19:48","modified_gmt":"2025-11-14T19:19:48","slug":"startseite","status":"publish","type":"page","link":"https:\/\/bossebande.de\/","title":{"rendered":"Willkommen"},"content":{"rendered":"\n<p><strong>auf der Internetseite der Bossebande e.V.<\/strong><\/p>\n\n\n\n<p>&nbsp;Uns ist wichtig,<\/p>\n\n\n\n<p>&#8230;dass das Hortteam Gelegenheiten schafft f\u00fcr ein Gruppenleben, in dem Jungen, M\u00e4dchen und Diverse (jeder f\u00fcr sich, aber auch gemeinsam) Kinderfreundschaft, Kinderspiel und Kinderstreit erfahren k\u00f6nnen.<\/p>\n\n\n\n<p>&#8230;dass Selbst\u00e4ndigkeit und Selbstverantwortung gef\u00f6rdert werden.<\/p>\n\n\n\n<p>&#8230;dass die Kinder eigene Ideen entwickeln und ausprobieren k\u00f6nnen.<\/p>\n\n\n\n<p>&#8230;dass ein reger Austausch zwischen Hortteam und Eltern stattfindet.<\/p>\n\n\n\n<div class=\"alignnormal\"><div id=\"metaslider-id-62\" style=\"width: 100%;\" class=\"ml-slider-3-102-0 metaslider metaslider-flex metaslider-62 ml-slider has-dots-nav ms-theme-default-base\" role=\"region\" aria-label=\"Bossebande R\u00e4ume\" data-height=\"400\" data-width=\"700\">\n    <div id=\"metaslider_container_62\">\n        <div id=\"metaslider_62\">\n            <ul aria-live='off' class='slides'>\n                <li style=\"display: block; width: 100%;\" class=\"slide-76 ms-image \" aria-roledescription=\"slide\" data-date=\"2025-11-14 19:52:55\" data-slide-type=\"image\"><img loading=\"lazy\" decoding=\"async\" width=\"2560\" height=\"1920\" src=\"https:\/\/bossebande.de\/wp-content\/uploads\/2025\/11\/Gruppenraum-2-scaled.jpg\" class=\"slider-62 slide-76 msDefaultImage\" alt=\"\" rel=\"\" title=\"Gruppenraum-2\" style=\"margin: 0 auto; width: 76.1904761905%\" srcset=\"https:\/\/bossebande.de\/wp-content\/uploads\/2025\/11\/Gruppenraum-2-scaled.jpg 2560w, https:\/\/bossebande.de\/wp-content\/uploads\/2025\/11\/Gruppenraum-2-300x225.jpg 300w, https:\/\/bossebande.de\/wp-content\/uploads\/2025\/11\/Gruppenraum-2-1024x768.jpg 1024w, https:\/\/bossebande.de\/wp-content\/uploads\/2025\/11\/Gruppenraum-2-768x576.jpg 768w, https:\/\/bossebande.de\/wp-content\/uploads\/2025\/11\/Gruppenraum-2-1536x1152.jpg 1536w, https:\/\/bossebande.de\/wp-content\/uploads\/2025\/11\/Gruppenraum-2-2048x1536.jpg 2048w\" sizes=\"auto, (max-width: 2560px) 100vw, 2560px\" \/><\/li>\n                <li style=\"display: none; width: 100%;\" class=\"slide-77 ms-image \" aria-roledescription=\"slide\" data-date=\"2025-11-14 19:53:03\" data-slide-type=\"image\"><img loading=\"lazy\" decoding=\"async\" width=\"2560\" height=\"1920\" src=\"https:\/\/bossebande.de\/wp-content\/uploads\/2025\/11\/Gruppenraum-1-scaled.jpg\" class=\"slider-62 slide-77 msDefaultImage\" alt=\"\" rel=\"\" title=\"Gruppenraum-1\" style=\"margin: 0 auto; width: 76.1904761905%\" srcset=\"https:\/\/bossebande.de\/wp-content\/uploads\/2025\/11\/Gruppenraum-1-scaled.jpg 2560w, https:\/\/bossebande.de\/wp-content\/uploads\/2025\/11\/Gruppenraum-1-300x225.jpg 300w, https:\/\/bossebande.de\/wp-content\/uploads\/2025\/11\/Gruppenraum-1-1024x768.jpg 1024w, https:\/\/bossebande.de\/wp-content\/uploads\/2025\/11\/Gruppenraum-1-768x576.jpg 768w, https:\/\/bossebande.de\/wp-content\/uploads\/2025\/11\/Gruppenraum-1-1536x1152.jpg 1536w, https:\/\/bossebande.de\/wp-content\/uploads\/2025\/11\/Gruppenraum-1-2048x1536.jpg 2048w\" sizes=\"auto, (max-width: 2560px) 100vw, 2560px\" \/><\/li>\n                <li style=\"display: none; width: 100%;\" class=\"slide-78 ms-image \" aria-roledescription=\"slide\" data-date=\"2025-11-14 19:53:17\" data-slide-type=\"image\"><img loading=\"lazy\" decoding=\"async\" width=\"2560\" height=\"1920\" src=\"https:\/\/bossebande.de\/wp-content\/uploads\/2025\/11\/Puzzletisch-scaled.jpg\" class=\"slider-62 slide-78 msDefaultImage\" alt=\"\" rel=\"\" title=\"Puzzletisch\" style=\"margin: 0 auto; width: 76.1904761905%\" srcset=\"https:\/\/bossebande.de\/wp-content\/uploads\/2025\/11\/Puzzletisch-scaled.jpg 2560w, https:\/\/bossebande.de\/wp-content\/uploads\/2025\/11\/Puzzletisch-300x225.jpg 300w, https:\/\/bossebande.de\/wp-content\/uploads\/2025\/11\/Puzzletisch-1024x768.jpg 1024w, https:\/\/bossebande.de\/wp-content\/uploads\/2025\/11\/Puzzletisch-768x576.jpg 768w, https:\/\/bossebande.de\/wp-content\/uploads\/2025\/11\/Puzzletisch-1536x1152.jpg 1536w, https:\/\/bossebande.de\/wp-content\/uploads\/2025\/11\/Puzzletisch-2048x1536.jpg 2048w\" sizes=\"auto, (max-width: 2560px) 100vw, 2560px\" \/><\/li>\n                <li style=\"display: none; width: 100%;\" class=\"slide-79 ms-image \" aria-roledescription=\"slide\" data-date=\"2025-11-14 19:53:26\" data-slide-type=\"image\"><img loading=\"lazy\" decoding=\"async\" width=\"1920\" height=\"2560\" src=\"https:\/\/bossebande.de\/wp-content\/uploads\/2025\/11\/Bastelangebot-scaled.jpg\" class=\"slider-62 slide-79 msDefaultImage\" alt=\"\" rel=\"\" title=\"Bastelangebot\" style=\"margin: 0 auto; width: 42.8571428571%\" srcset=\"https:\/\/bossebande.de\/wp-content\/uploads\/2025\/11\/Bastelangebot-scaled.jpg 1920w, https:\/\/bossebande.de\/wp-content\/uploads\/2025\/11\/Bastelangebot-225x300.jpg 225w, https:\/\/bossebande.de\/wp-content\/uploads\/2025\/11\/Bastelangebot-768x1024.jpg 768w, https:\/\/bossebande.de\/wp-content\/uploads\/2025\/11\/Bastelangebot-1152x1536.jpg 1152w, https:\/\/bossebande.de\/wp-content\/uploads\/2025\/11\/Bastelangebot-1536x2048.jpg 1536w\" sizes=\"auto, (max-width: 1920px) 100vw, 1920px\" \/><\/li>\n                <li style=\"display: none; width: 100%;\" class=\"slide-80 ms-image \" aria-roledescription=\"slide\" data-date=\"2025-11-14 19:53:32\" data-slide-type=\"image\"><img loading=\"lazy\" decoding=\"async\" width=\"2560\" height=\"1920\" src=\"https:\/\/bossebande.de\/wp-content\/uploads\/2025\/11\/Galerie-Hortkinder-scaled.jpg\" class=\"slider-62 slide-80 msDefaultImage\" alt=\"\" rel=\"\" title=\"Galerie-Hortkinder\" style=\"margin: 0 auto; width: 76.1904761905%\" srcset=\"https:\/\/bossebande.de\/wp-content\/uploads\/2025\/11\/Galerie-Hortkinder-scaled.jpg 2560w, https:\/\/bossebande.de\/wp-content\/uploads\/2025\/11\/Galerie-Hortkinder-300x225.jpg 300w, https:\/\/bossebande.de\/wp-content\/uploads\/2025\/11\/Galerie-Hortkinder-1024x768.jpg 1024w, https:\/\/bossebande.de\/wp-content\/uploads\/2025\/11\/Galerie-Hortkinder-768x576.jpg 768w, https:\/\/bossebande.de\/wp-content\/uploads\/2025\/11\/Galerie-Hortkinder-1536x1152.jpg 1536w, https:\/\/bossebande.de\/wp-content\/uploads\/2025\/11\/Galerie-Hortkinder-2048x1536.jpg 2048w\" sizes=\"auto, (max-width: 2560px) 100vw, 2560px\" \/><\/li>\n                <li style=\"display: none; width: 100%;\" class=\"slide-81 ms-image \" aria-roledescription=\"slide\" data-date=\"2025-11-14 19:53:58\" data-slide-type=\"image\"><img loading=\"lazy\" decoding=\"async\" width=\"2560\" height=\"1920\" src=\"https:\/\/bossebande.de\/wp-content\/uploads\/2025\/11\/Gruppenraum-3-scaled.jpg\" class=\"slider-62 slide-81 msDefaultImage\" alt=\"Zeigt den Gruppenraum der Bossebande mit Blick auf den Spielzeugschuppen\" rel=\"\" title=\"Gruppenraum-3\" style=\"margin: 0 auto; width: 76.1904761905%\" srcset=\"https:\/\/bossebande.de\/wp-content\/uploads\/2025\/11\/Gruppenraum-3-scaled.jpg 2560w, https:\/\/bossebande.de\/wp-content\/uploads\/2025\/11\/Gruppenraum-3-300x225.jpg 300w, https:\/\/bossebande.de\/wp-content\/uploads\/2025\/11\/Gruppenraum-3-1024x768.jpg 1024w, https:\/\/bossebande.de\/wp-content\/uploads\/2025\/11\/Gruppenraum-3-768x576.jpg 768w, https:\/\/bossebande.de\/wp-content\/uploads\/2025\/11\/Gruppenraum-3-1536x1152.jpg 1536w, https:\/\/bossebande.de\/wp-content\/uploads\/2025\/11\/Gruppenraum-3-2048x1536.jpg 2048w\" sizes=\"auto, (max-width: 2560px) 100vw, 2560px\" \/><\/li>\n                <li style=\"display: none; width: 100%;\" class=\"slide-82 ms-image \" aria-roledescription=\"slide\" data-date=\"2025-11-14 19:54:05\" data-slide-type=\"image\"><img loading=\"lazy\" decoding=\"async\" width=\"2560\" height=\"1920\" src=\"https:\/\/bossebande.de\/wp-content\/uploads\/2025\/11\/Herbstbastelei-scaled.jpg\" class=\"slider-62 slide-82 msDefaultImage\" alt=\"\" rel=\"\" title=\"Herbstbastelei\" style=\"margin: 0 auto; width: 76.1904761905%\" srcset=\"https:\/\/bossebande.de\/wp-content\/uploads\/2025\/11\/Herbstbastelei-scaled.jpg 2560w, https:\/\/bossebande.de\/wp-content\/uploads\/2025\/11\/Herbstbastelei-300x225.jpg 300w, https:\/\/bossebande.de\/wp-content\/uploads\/2025\/11\/Herbstbastelei-1024x768.jpg 1024w, https:\/\/bossebande.de\/wp-content\/uploads\/2025\/11\/Herbstbastelei-768x576.jpg 768w, https:\/\/bossebande.de\/wp-content\/uploads\/2025\/11\/Herbstbastelei-1536x1152.jpg 1536w, https:\/\/bossebande.de\/wp-content\/uploads\/2025\/11\/Herbstbastelei-2048x1536.jpg 2048w\" sizes=\"auto, (max-width: 2560px) 100vw, 2560px\" \/><\/li>\n                <li style=\"display: none; width: 100%;\" class=\"slide-83 ms-image \" aria-roledescription=\"slide\" data-date=\"2025-11-14 19:54:20\" data-slide-type=\"image\"><img loading=\"lazy\" decoding=\"async\" width=\"1920\" height=\"2560\" src=\"https:\/\/bossebande.de\/wp-content\/uploads\/2025\/11\/Basteltisch-scaled.jpg\" class=\"slider-62 slide-83 msDefaultImage\" alt=\"\" rel=\"\" title=\"Basteltisch\" style=\"margin: 0 auto; width: 42.8571428571%\" srcset=\"https:\/\/bossebande.de\/wp-content\/uploads\/2025\/11\/Basteltisch-scaled.jpg 1920w, https:\/\/bossebande.de\/wp-content\/uploads\/2025\/11\/Basteltisch-225x300.jpg 225w, https:\/\/bossebande.de\/wp-content\/uploads\/2025\/11\/Basteltisch-768x1024.jpg 768w, https:\/\/bossebande.de\/wp-content\/uploads\/2025\/11\/Basteltisch-1152x1536.jpg 1152w, https:\/\/bossebande.de\/wp-content\/uploads\/2025\/11\/Basteltisch-1536x2048.jpg 1536w\" sizes=\"auto, (max-width: 1920px) 100vw, 1920px\" \/><\/li>\n                <li style=\"display: none; width: 100%;\" class=\"slide-84 ms-image \" aria-roledescription=\"slide\" data-date=\"2025-11-14 19:54:26\" data-slide-type=\"image\"><img loading=\"lazy\" decoding=\"async\" width=\"1920\" height=\"2560\" src=\"https:\/\/bossebande.de\/wp-content\/uploads\/2025\/11\/Hausaufgabenraum-scaled.jpg\" class=\"slider-62 slide-84 msDefaultImage\" alt=\"\" rel=\"\" title=\"Hausaufgabenraum\" style=\"margin: 0 auto; width: 42.8571428571%\" srcset=\"https:\/\/bossebande.de\/wp-content\/uploads\/2025\/11\/Hausaufgabenraum-scaled.jpg 1920w, https:\/\/bossebande.de\/wp-content\/uploads\/2025\/11\/Hausaufgabenraum-225x300.jpg 225w, https:\/\/bossebande.de\/wp-content\/uploads\/2025\/11\/Hausaufgabenraum-768x1024.jpg 768w, https:\/\/bossebande.de\/wp-content\/uploads\/2025\/11\/Hausaufgabenraum-1152x1536.jpg 1152w, https:\/\/bossebande.de\/wp-content\/uploads\/2025\/11\/Hausaufgabenraum-1536x2048.jpg 1536w\" sizes=\"auto, (max-width: 1920px) 100vw, 1920px\" \/><\/li>\n                <li style=\"display: none; width: 100%;\" class=\"slide-85 ms-image \" aria-roledescription=\"slide\" data-date=\"2025-11-14 19:54:39\" data-slide-type=\"image\"><img loading=\"lazy\" decoding=\"async\" width=\"1920\" height=\"2560\" src=\"https:\/\/bossebande.de\/wp-content\/uploads\/2025\/11\/Wandgemaelde-scaled.jpg\" class=\"slider-62 slide-85 msDefaultImage\" alt=\"Zeigt ein Wandbild von einem Schloss im Untergeschoss der Bossebende\" rel=\"\" title=\"Wandbild\" style=\"margin: 0 auto; width: 42.8571428571%\" srcset=\"https:\/\/bossebande.de\/wp-content\/uploads\/2025\/11\/Wandgemaelde-scaled.jpg 1920w, https:\/\/bossebande.de\/wp-content\/uploads\/2025\/11\/Wandgemaelde-225x300.jpg 225w, https:\/\/bossebande.de\/wp-content\/uploads\/2025\/11\/Wandgemaelde-768x1024.jpg 768w, https:\/\/bossebande.de\/wp-content\/uploads\/2025\/11\/Wandgemaelde-1152x1536.jpg 1152w, https:\/\/bossebande.de\/wp-content\/uploads\/2025\/11\/Wandgemaelde-1536x2048.jpg 1536w\" sizes=\"auto, (max-width: 1920px) 100vw, 1920px\" \/><\/li>\n                <li style=\"display: none; width: 100%;\" class=\"slide-86 ms-image \" aria-roledescription=\"slide\" data-date=\"2025-11-14 19:54:44\" data-slide-type=\"image\"><img loading=\"lazy\" decoding=\"async\" width=\"1920\" height=\"2560\" src=\"https:\/\/bossebande.de\/wp-content\/uploads\/2025\/11\/Ballettstange-scaled.jpg\" class=\"slider-62 slide-86 msDefaultImage\" alt=\"\" rel=\"\" title=\"Ballettstange\" style=\"margin: 0 auto; width: 42.8571428571%\" srcset=\"https:\/\/bossebande.de\/wp-content\/uploads\/2025\/11\/Ballettstange-scaled.jpg 1920w, https:\/\/bossebande.de\/wp-content\/uploads\/2025\/11\/Ballettstange-225x300.jpg 225w, https:\/\/bossebande.de\/wp-content\/uploads\/2025\/11\/Ballettstange-768x1024.jpg 768w, https:\/\/bossebande.de\/wp-content\/uploads\/2025\/11\/Ballettstange-1152x1536.jpg 1152w, https:\/\/bossebande.de\/wp-content\/uploads\/2025\/11\/Ballettstange-1536x2048.jpg 1536w\" sizes=\"auto, (max-width: 1920px) 100vw, 1920px\" \/><\/li>\n                <li style=\"display: none; width: 100%;\" class=\"slide-87 ms-image \" aria-roledescription=\"slide\" data-date=\"2025-11-14 19:54:53\" data-slide-type=\"image\"><img loading=\"lazy\" decoding=\"async\" width=\"1920\" height=\"2560\" src=\"https:\/\/bossebande.de\/wp-content\/uploads\/2025\/11\/Toberaum-scaled.jpg\" class=\"slider-62 slide-87 msDefaultImage\" alt=\"\" rel=\"\" title=\"Toberaum\" style=\"margin: 0 auto; width: 42.8571428571%\" srcset=\"https:\/\/bossebande.de\/wp-content\/uploads\/2025\/11\/Toberaum-scaled.jpg 1920w, https:\/\/bossebande.de\/wp-content\/uploads\/2025\/11\/Toberaum-225x300.jpg 225w, https:\/\/bossebande.de\/wp-content\/uploads\/2025\/11\/Toberaum-768x1024.jpg 768w, https:\/\/bossebande.de\/wp-content\/uploads\/2025\/11\/Toberaum-1152x1536.jpg 1152w, https:\/\/bossebande.de\/wp-content\/uploads\/2025\/11\/Toberaum-1536x2048.jpg 1536w\" sizes=\"auto, (max-width: 1920px) 100vw, 1920px\" \/><\/li>\n                <li style=\"display: none; width: 100%;\" class=\"slide-88 ms-image \" aria-roledescription=\"slide\" data-date=\"2025-11-14 19:54:57\" data-slide-type=\"image\"><img loading=\"lazy\" decoding=\"async\" width=\"1920\" height=\"2560\" src=\"https:\/\/bossebande.de\/wp-content\/uploads\/2025\/11\/Tischkicker-scaled.jpg\" class=\"slider-62 slide-88 msDefaultImage\" alt=\"\" rel=\"\" title=\"Tischkicker\" style=\"margin: 0 auto; width: 42.8571428571%\" srcset=\"https:\/\/bossebande.de\/wp-content\/uploads\/2025\/11\/Tischkicker-scaled.jpg 1920w, https:\/\/bossebande.de\/wp-content\/uploads\/2025\/11\/Tischkicker-225x300.jpg 225w, https:\/\/bossebande.de\/wp-content\/uploads\/2025\/11\/Tischkicker-768x1024.jpg 768w, https:\/\/bossebande.de\/wp-content\/uploads\/2025\/11\/Tischkicker-1152x1536.jpg 1152w, https:\/\/bossebande.de\/wp-content\/uploads\/2025\/11\/Tischkicker-1536x2048.jpg 1536w\" sizes=\"auto, (max-width: 1920px) 100vw, 1920px\" \/><\/li>\n            <\/ul>\n        <\/div>\n        \n    <\/div>\n<\/div><\/div>\n","protected":false},"excerpt":{"rendered":"<p>auf der Internetseite der Bossebande e.V. &nbsp;Uns ist wichtig, &#8230;dass das Hortteam Gelegenheiten schafft f\u00fcr ein Gruppenleben, in dem Jungen, M\u00e4dchen und Diverse (jeder f\u00fcr sich, aber auch gemeinsam) Kinderfreundschaft, Kinderspiel und Kinderstreit erfahren k\u00f6nnen. &#8230;dass Selbst\u00e4ndigkeit und Selbstverantwortung gef\u00f6rdert werden. &#8230;dass die Kinder eigene Ideen entwickeln und ausprobieren k\u00f6nnen. &#8230;dass ein reger Austausch zwischen &hellip; <a href=\"https:\/\/bossebande.de\/\" class=\"more-link\"><span class=\"screen-reader-text\">Willkommen<\/span> weiterlesen<\/a><\/p>\n","protected":false},"author":1,"featured_media":0,"parent":0,"menu_order":0,"comment_status":"closed","ping_status":"closed","template":"","meta":{"footnotes":""},"class_list":["post-15","page","type-page","status-publish","hentry"],"_links":{"self":[{"href":"https:\/\/bossebande.de\/index.php?rest_route=\/wp\/v2\/pages\/15","targetHints":{"allow":["GET"]}}],"collection":[{"href":"https:\/\/bossebande.de\/index.php?rest_route=\/wp\/v2\/pages"}],"about":[{"href":"https:\/\/bossebande.de\/index.php?rest_route=\/wp\/v2\/types\/page"}],"author":[{"embeddable":true,"href":"https:\/\/bossebande.de\/index.php?rest_route=\/wp\/v2\/users\/1"}],"replies":[{"embeddable":true,"href":"https:\/\/bossebande.de\/index.php?rest_route=%2Fwp%2Fv2%2Fcomments&post=15"}],"version-history":[{"count":3,"href":"https:\/\/bossebande.de\/index.php?rest_route=\/wp\/v2\/pages\/15\/revisions"}],"predecessor-version":[{"id":91,"href":"https:\/\/bossebande.de\/index.php?rest_route=\/wp\/v2\/pages\/15\/revisions\/91"}],"wp:attachment":[{"href":"https:\/\/bossebande.de\/index.php?rest_route=%2Fwp%2Fv2%2Fmedia&parent=15"}],"curies":[{"name":"wp","href":"https:\/\/api.w.org\/{rel}","templated":true}]}}