{"id":21,"date":"2025-09-07T00:02:27","date_gmt":"2025-09-06T22:02:27","guid":{"rendered":"https:\/\/bossebande.de\/?page_id=21"},"modified":"2025-09-07T00:38:05","modified_gmt":"2025-09-06T22:38:05","slug":"ueber-uns","status":"publish","type":"page","link":"https:\/\/bossebande.de\/?page_id=21","title":{"rendered":"\u00dcber uns"},"content":{"rendered":"\n<p>Der Freie Hort Bossebande ist eine Elterninitiative und arbeitet seit 1996 im Stadtteil Fasanenhof.<\/p>\n\n\n\n<p>Der Verein wird getragen von den Eltern der betreuten Kinder und von f\u00f6rdernden Mitgliedern. Wir sind Mitglied im Dachverband freier Kindertagesst\u00e4tten e.V. (<a href=\"https:\/\/dakits.de\/\">DAKits<\/a>) und im Deutschen Parit\u00e4tischen Wohlfahrtsverband e.V.<\/p>\n\n\n\n<p>Nach unserem Selbstverst\u00e4ndnis haben die Eltern direkten Einfluss auf alle Belange, die die Betreuung ihrer Kinder betreffen. Die regelm\u00e4\u00dfigen Elternabende und Elterngespr\u00e4che sind fester Bestandteil.<\/p>\n\n\n\n<p>Die Bossebande arbeitet eng mit den <a href=\"https:\/\/www.grundschule-wolfsangerhasenhecke.de\/\">Grundschulen Wolfsanger &#8211; Hasenhecke<\/a> und der <a href=\"https:\/\/grundschule-bossental.de\/\">Grundschule Bossental<\/a> sowie anderen Einrichtungen im Stadtteil zusammen.<\/p>\n\n\n<div class=\"wp-block-image\">\n<figure class=\"aligncenter size-full\"><img loading=\"lazy\" decoding=\"async\" width=\"315\" height=\"353\" src=\"https:\/\/bossebande.de\/wp-content\/uploads\/2025\/09\/logo_40mm_x_50mm-1.png\" alt=\"\" class=\"wp-image-40\" srcset=\"https:\/\/bossebande.de\/wp-content\/uploads\/2025\/09\/logo_40mm_x_50mm-1.png 315w, https:\/\/bossebande.de\/wp-content\/uploads\/2025\/09\/logo_40mm_x_50mm-1-268x300.png 268w\" sizes=\"auto, (max-width: 315px) 100vw, 315px\" \/><\/figure>\n<\/div>","protected":false},"excerpt":{"rendered":"<p>Der Freie Hort Bossebande ist eine Elterninitiative und arbeitet seit 1996 im Stadtteil Fasanenhof. Der Verein wird getragen von den Eltern der betreuten Kinder und von f\u00f6rdernden Mitgliedern. Wir sind Mitglied im Dachverband freier Kindertagesst\u00e4tten e.V. (DAKits) und im Deutschen Parit\u00e4tischen Wohlfahrtsverband e.V. Nach unserem Selbstverst\u00e4ndnis haben die Eltern direkten Einfluss auf alle Belange, die &hellip; <a href=\"https:\/\/bossebande.de\/?page_id=21\" class=\"more-link\"><span class=\"screen-reader-text\">\u00dcber uns<\/span> weiterlesen<\/a><\/p>\n","protected":false},"author":1,"featured_media":0,"parent":0,"menu_order":0,"comment_status":"closed","ping_status":"closed","template":"","meta":{"footnotes":""},"class_list":["post-21","page","type-page","status-publish","hentry"],"_links":{"self":[{"href":"https:\/\/bossebande.de\/index.php?rest_route=\/wp\/v2\/pages\/21","targetHints":{"allow":["GET"]}}],"collection":[{"href":"https:\/\/bossebande.de\/index.php?rest_route=\/wp\/v2\/pages"}],"about":[{"href":"https:\/\/bossebande.de\/index.php?rest_route=\/wp\/v2\/types\/page"}],"author":[{"embeddable":true,"href":"https:\/\/bossebande.de\/index.php?rest_route=\/wp\/v2\/users\/1"}],"replies":[{"embeddable":true,"href":"https:\/\/bossebande.de\/index.php?rest_route=%2Fwp%2Fv2%2Fcomments&post=21"}],"version-history":[{"count":3,"href":"https:\/\/bossebande.de\/index.php?rest_route=\/wp\/v2\/pages\/21\/revisions"}],"predecessor-version":[{"id":42,"href":"https:\/\/bossebande.de\/index.php?rest_route=\/wp\/v2\/pages\/21\/revisions\/42"}],"wp:attachment":[{"href":"https:\/\/bossebande.de\/index.php?rest_route=%2Fwp%2Fv2%2Fmedia&parent=21"}],"curies":[{"name":"wp","href":"https:\/\/api.w.org\/{rel}","templated":true}]}}